{"id":33,"date":"2025-06-13T06:16:27","date_gmt":"2025-06-13T06:16:27","guid":{"rendered":"https:\/\/wsparcieopiekunow.pl\/?page_id=33"},"modified":"2025-06-17T11:26:39","modified_gmt":"2025-06-17T11:26:39","slug":"kilka-podstawowych-danych","status":"publish","type":"page","link":"https:\/\/wsparcieopiekunow.pl\/?page_id=33","title":{"rendered":"Pokona\u0107 ograniczenia &#8211; skr\u00f3t"},"content":{"rendered":"\n<p>Projekt jest realizowany od 1 kwietnia 2025 r. do 30 czerwca 2029 r. przez Gmin\u0119 Wieliczka poprzez Miejsko Gminny O\u015brodek Pomocy Spo\u0142ecznej  (wi\u0119cej czytaj <a href=\"https:\/\/wsparcieopiekunow.pl\/?page_id=1478\">TUTAJ<\/a>)<\/p>\n","protected":false},"excerpt":{"rendered":"<p>Projekt jest realizowany od 1 kwietnia 2025 r. do 30 czerwca 2029 r. przez Gmin\u0119 Wieliczka poprzez Miejsko Gminny O\u015brodek Pomocy Spo\u0142ecznej (wi\u0119cej czytaj TUTAJ)<\/p>\n","protected":false},"author":1,"featured_media":1600,"parent":0,"menu_order":0,"comment_status":"closed","ping_status":"closed","template":"","meta":{"footnotes":""},"class_list":["post-33","page","type-page","status-publish","has-post-thumbnail","hentry"],"_links":{"self":[{"href":"https:\/\/wsparcieopiekunow.pl\/index.php?rest_route=\/wp\/v2\/pages\/33","targetHints":{"allow":["GET"]}}],"collection":[{"href":"https:\/\/wsparcieopiekunow.pl\/index.php?rest_route=\/wp\/v2\/pages"}],"about":[{"href":"https:\/\/wsparcieopiekunow.pl\/index.php?rest_route=\/wp\/v2\/types\/page"}],"author":[{"embeddable":true,"href":"https:\/\/wsparcieopiekunow.pl\/index.php?rest_route=\/wp\/v2\/users\/1"}],"replies":[{"embeddable":true,"href":"https:\/\/wsparcieopiekunow.pl\/index.php?rest_route=%2Fwp%2Fv2%2Fcomments&post=33"}],"version-history":[{"count":16,"href":"https:\/\/wsparcieopiekunow.pl\/index.php?rest_route=\/wp\/v2\/pages\/33\/revisions"}],"predecessor-version":[{"id":1509,"href":"https:\/\/wsparcieopiekunow.pl\/index.php?rest_route=\/wp\/v2\/pages\/33\/revisions\/1509"}],"wp:featuredmedia":[{"embeddable":true,"href":"https:\/\/wsparcieopiekunow.pl\/index.php?rest_route=\/wp\/v2\/media\/1600"}],"wp:attachment":[{"href":"https:\/\/wsparcieopiekunow.pl\/index.php?rest_route=%2Fwp%2Fv2%2Fmedia&parent=33"}],"curies":[{"name":"wp","href":"https:\/\/api.w.org\/{rel}","templated":true}]}}