{"id":1514,"date":"2025-06-17T08:02:50","date_gmt":"2025-06-17T08:02:50","guid":{"rendered":"https:\/\/wsparcieopiekunow.pl\/?page_id=1514"},"modified":"2025-06-17T08:12:26","modified_gmt":"2025-06-17T08:12:26","slug":"zakres-wsparcia","status":"publish","type":"page","link":"https:\/\/wsparcieopiekunow.pl\/?page_id=1514","title":{"rendered":"Zakres wsparcia"},"content":{"rendered":"\n<p><\/p>\n\n\n\n<p>&#8211; edukacja i doradztwo dla opiekun\u00f3w faktycznych<br>&#8211; opieka nad podopiecznymi na czas udzia\u0142u opiekuna w szkoleniach i grupach wsparcia<br>&#8211; informacja i edukacja dla kadry zaanga\u017cowanej w opiek\u0119 nad osobami potrzebuj\u0105cymi wsparcia<br>&#8211; opieka nad osobami zale\u017cnymi (opieka wytchnieniowa ca\u0142odobowa, dzienna, pomoc asystenta osobistego osoby <br>&#8211; niepe\u0142nosprawnej)<br>&#8211; us\u0142ugi mobilnego zespo\u0142u specjalist\u00f3w (w zale\u017cno\u015bci od potrzeb: pracownik socjalny, fizjoterapeuta, psycholog, prawnik)<br>&#8211; strona internetowa oraz materia\u0142y informacyjne u\u0142atwiaj\u0105ce dost\u0119p do wiedzy i wsparcia dla opiekun\u00f3w faktycznych<\/p>\n\n\n\n<ol class=\"wp-block-list\"><\/ol>\n","protected":false},"excerpt":{"rendered":"<p>&#8211; edukacja i doradztwo dla opiekun\u00f3w faktycznych&#8211; opieka nad podopiecznymi na czas udzia\u0142u opiekuna w szkoleniach i grupach wsparcia&#8211; informacja i edukacja dla kadry zaanga\u017cowanej w opiek\u0119 nad osobami potrzebuj\u0105cymi &#8230;<\/p>\n","protected":false},"author":1,"featured_media":0,"parent":0,"menu_order":0,"comment_status":"closed","ping_status":"closed","template":"","meta":{"footnotes":""},"class_list":["post-1514","page","type-page","status-publish","hentry"],"_links":{"self":[{"href":"https:\/\/wsparcieopiekunow.pl\/index.php?rest_route=\/wp\/v2\/pages\/1514","targetHints":{"allow":["GET"]}}],"collection":[{"href":"https:\/\/wsparcieopiekunow.pl\/index.php?rest_route=\/wp\/v2\/pages"}],"about":[{"href":"https:\/\/wsparcieopiekunow.pl\/index.php?rest_route=\/wp\/v2\/types\/page"}],"author":[{"embeddable":true,"href":"https:\/\/wsparcieopiekunow.pl\/index.php?rest_route=\/wp\/v2\/users\/1"}],"replies":[{"embeddable":true,"href":"https:\/\/wsparcieopiekunow.pl\/index.php?rest_route=%2Fwp%2Fv2%2Fcomments&post=1514"}],"version-history":[{"count":5,"href":"https:\/\/wsparcieopiekunow.pl\/index.php?rest_route=\/wp\/v2\/pages\/1514\/revisions"}],"predecessor-version":[{"id":1523,"href":"https:\/\/wsparcieopiekunow.pl\/index.php?rest_route=\/wp\/v2\/pages\/1514\/revisions\/1523"}],"wp:attachment":[{"href":"https:\/\/wsparcieopiekunow.pl\/index.php?rest_route=%2Fwp%2Fv2%2Fmedia&parent=1514"}],"curies":[{"name":"wp","href":"https:\/\/api.w.org\/{rel}","templated":true}]}}