{"id":11,"date":"2025-06-13T06:00:42","date_gmt":"2025-06-13T06:00:42","guid":{"rendered":"https:\/\/wsparcieopiekunow.pl\/?page_id=11"},"modified":"2026-01-14T12:19:47","modified_gmt":"2026-01-14T12:19:47","slug":"kontakt","status":"publish","type":"page","link":"https:\/\/wsparcieopiekunow.pl\/?page_id=11","title":{"rendered":"Kontakt"},"content":{"rendered":"\n<div class=\"wp-block-group\" style=\"padding-bottom:var(--wp--preset--spacing--large)\"><div class=\"wp-block-group__inner-container is-layout-constrained wp-block-group-is-layout-constrained\">\n<div class=\"wp-block-group\" style=\"margin-bottom:var(--wp--preset--spacing--small)\"><div class=\"wp-block-group__inner-container is-layout-constrained wp-block-group-is-layout-constrained\">\n<h2 class=\"wp-block-heading has-text-align-center\">Mobilne Centrum Wsparcia Opiekun\u00f3w<\/h2>\n\n\n\n<p class=\"has-text-align-center\">zapraszamy od poniedzia\u0142ku do pi\u0105tku, w godz. 9.30 &#8211; 14.30<\/p>\n<\/div><\/div>\n\n\n\n<div class=\"wp-block-columns is-layout-flex wp-container-core-columns-is-layout-5e620cd0 wp-block-columns-is-layout-flex\">\n<div class=\"wp-block-column is-layout-flow wp-block-column-is-layout-flow\">\n<div class=\"wp-block-cover has-custom-content-position is-position-bottom-center\" style=\"border-top-left-radius:16px;border-top-right-radius:16px;margin-top:0;margin-bottom:0;padding-top:0;padding-right:0;padding-bottom:0;padding-left:0;min-height:320px;aspect-ratio:unset;\"><img loading=\"lazy\" decoding=\"async\" width=\"945\" height=\"1024\" class=\"wp-block-cover__image-background wp-image-231 size-large\" alt=\"\" src=\"https:\/\/wsparcieopiekunow.pl\/wp-content\/uploads\/2025\/06\/elderly-people-294088_1280-945x1024.webp\" data-object-fit=\"cover\" srcset=\"https:\/\/wsparcieopiekunow.pl\/wp-content\/uploads\/2025\/06\/elderly-people-294088_1280-945x1024.webp 945w, https:\/\/wsparcieopiekunow.pl\/wp-content\/uploads\/2025\/06\/elderly-people-294088_1280-277x300.webp 277w, https:\/\/wsparcieopiekunow.pl\/wp-content\/uploads\/2025\/06\/elderly-people-294088_1280-768x832.webp 768w, https:\/\/wsparcieopiekunow.pl\/wp-content\/uploads\/2025\/06\/elderly-people-294088_1280.webp 1181w\" sizes=\"auto, (max-width: 945px) 100vw, 945px\" \/><span aria-hidden=\"true\" class=\"wp-block-cover__background has-background-dim-0 has-background-dim\" style=\"background-color:#f8edda\"><\/span><div class=\"wp-block-cover__inner-container is-layout-constrained wp-container-core-cover-is-layout-f1253992 wp-block-cover-is-layout-constrained\">\n<div class=\"wp-block-group has-background\" style=\"background-color:#ffffffe3\"><div class=\"wp-block-group__inner-container is-layout-constrained wp-block-group-is-layout-constrained\">\n<h5 class=\"wp-block-heading has-text-align-center has-colibri-color-6-color has-text-color has-link-color wp-elements-64e015e49275a9621871c5fbc72c55a8\">adres<\/h5>\n\n\n\n<p class=\"has-text-align-center has-black-color has-text-color has-link-color has-14-font-size wp-elements-3eacc6f1d6f460f6f71d21c9a4435d1e\" style=\"padding-top:8px\">ul. Szpunara 20, Wieliczka<\/p>\n<\/div><\/div>\n<\/div><\/div>\n<\/div>\n\n\n\n<div class=\"wp-block-column is-layout-flow wp-block-column-is-layout-flow\">\n<div class=\"wp-block-cover is-light has-custom-content-position is-position-bottom-center\" style=\"border-top-left-radius:16px;border-top-right-radius:16px;margin-top:0;margin-bottom:0;padding-top:0;padding-right:0;padding-bottom:0;padding-left:0;min-height:320px;aspect-ratio:unset;\"><img loading=\"lazy\" decoding=\"async\" width=\"1024\" height=\"732\" class=\"wp-block-cover__image-background wp-image-232 size-large\" alt=\"\" src=\"https:\/\/wsparcieopiekunow.pl\/wp-content\/uploads\/2025\/06\/caregiving-9368472_1280-1024x732.webp\" data-object-fit=\"cover\" srcset=\"https:\/\/wsparcieopiekunow.pl\/wp-content\/uploads\/2025\/06\/caregiving-9368472_1280-1024x732.webp 1024w, https:\/\/wsparcieopiekunow.pl\/wp-content\/uploads\/2025\/06\/caregiving-9368472_1280-300x214.webp 300w, https:\/\/wsparcieopiekunow.pl\/wp-content\/uploads\/2025\/06\/caregiving-9368472_1280-768x549.webp 768w, https:\/\/wsparcieopiekunow.pl\/wp-content\/uploads\/2025\/06\/caregiving-9368472_1280.webp 1280w\" sizes=\"auto, (max-width: 1024px) 100vw, 1024px\" \/><span aria-hidden=\"true\" class=\"wp-block-cover__background has-background-dim-0 has-background-dim\" style=\"background-color:#fae2e8\"><\/span><div class=\"wp-block-cover__inner-container is-layout-constrained wp-container-core-cover-is-layout-f1253992 wp-block-cover-is-layout-constrained\">\n<div class=\"wp-block-group has-background\" style=\"background-color:#ffffffe3\"><div class=\"wp-block-group__inner-container is-layout-constrained wp-block-group-is-layout-constrained\">\n<h5 class=\"wp-block-heading has-text-align-center\">telefon<\/h5>\n\n\n\n<p class=\"has-text-align-center has-14-font-size\" style=\"padding-top:8px\">12 281 01 75<\/p>\n<\/div><\/div>\n<\/div><\/div>\n<\/div>\n\n\n\n<div class=\"wp-block-column is-layout-flow wp-block-column-is-layout-flow\">\n<div class=\"wp-block-cover is-light has-custom-content-position is-position-bottom-center\" style=\"border-top-left-radius:16px;border-top-right-radius:16px;margin-top:0;margin-bottom:0;padding-top:0;padding-right:0;padding-bottom:0;padding-left:0;min-height:320px;aspect-ratio:unset;\"><img loading=\"lazy\" decoding=\"async\" width=\"1024\" height=\"718\" class=\"wp-block-cover__image-background wp-image-233 size-large\" alt=\"\" src=\"https:\/\/wsparcieopiekunow.pl\/wp-content\/uploads\/2025\/06\/tlo-1024x718.png\" data-object-fit=\"cover\" srcset=\"https:\/\/wsparcieopiekunow.pl\/wp-content\/uploads\/2025\/06\/tlo-1024x718.png 1024w, https:\/\/wsparcieopiekunow.pl\/wp-content\/uploads\/2025\/06\/tlo-300x210.png 300w, https:\/\/wsparcieopiekunow.pl\/wp-content\/uploads\/2025\/06\/tlo-768x538.png 768w, https:\/\/wsparcieopiekunow.pl\/wp-content\/uploads\/2025\/06\/tlo.png 1280w\" sizes=\"auto, (max-width: 1024px) 100vw, 1024px\" \/><span aria-hidden=\"true\" class=\"wp-block-cover__background has-background-dim-0 has-background-dim\" style=\"background-color:#e4f3bb\"><\/span><div class=\"wp-block-cover__inner-container is-layout-constrained wp-container-core-cover-is-layout-f1253992 wp-block-cover-is-layout-constrained\">\n<div class=\"wp-block-group has-background\" style=\"background-color:#ffffffe3\"><div class=\"wp-block-group__inner-container is-layout-constrained wp-block-group-is-layout-constrained\">\n<h5 class=\"wp-block-heading has-text-align-center\">e-mail<\/h5>\n\n\n\n<p class=\"has-text-align-center has-14-font-size\" style=\"padding-top:8px\">centrumwsparcia@mgopswieliczka.pl<\/p>\n<\/div><\/div>\n<\/div><\/div>\n<\/div>\n\n\n\n<div class=\"wp-block-column is-layout-flow wp-block-column-is-layout-flow\">\n<div class=\"wp-block-cover is-light has-custom-content-position is-position-bottom-center\" style=\"border-top-left-radius:16px;border-top-right-radius:16px;margin-top:0;margin-bottom:0;padding-top:0;padding-right:0;padding-bottom:0;padding-left:0;min-height:320px;aspect-ratio:unset;\"><img decoding=\"async\" class=\"wp-block-cover__image-background wp-image-12\" alt=\"\" src=\"https:\/\/wsparcieopiekunow.pl\/wp-content\/themes\/the9-store\/assets\/image\/quick-patterns-6.webp\" data-object-fit=\"cover\"\/><span aria-hidden=\"true\" class=\"wp-block-cover__background has-background-dim-0 has-background-dim\" style=\"background-color:#e4f3bb\"><\/span><div class=\"wp-block-cover__inner-container is-layout-constrained wp-container-core-cover-is-layout-f1253992 wp-block-cover-is-layout-constrained\">\n<div class=\"wp-block-group has-background\" style=\"background-color:#ffffffe3\"><div class=\"wp-block-group__inner-container is-layout-constrained wp-block-group-is-layout-constrained\">\n<p class=\"has-text-align-center\"><\/p>\n<\/div><\/div>\n<\/div><\/div>\n<\/div>\n<\/div>\n<\/div><\/div>\n\n\n\n<h2 class=\"wp-block-heading\"><strong>w styczniu zapraszamy:<\/strong><\/h2>\n\n\n\n<p>poniedzia\u0142ek 11:30-14.30&nbsp;<\/p>\n\n\n\n<p>wtorek 9:30-12:30&nbsp;<\/p>\n\n\n\n<p>\u015broda 7:30-10:30&nbsp;<\/p>\n\n\n\n<p>czwartek 7:30-10:30&nbsp;<\/p>\n\n\n\n<p>pi\u0105tek 7:30-10:30&nbsp;<\/p>\n\n\n\n<p><\/p>\n","protected":false},"excerpt":{"rendered":"<p>Mobilne Centrum Wsparcia Opiekun\u00f3w zapraszamy od poniedzia\u0142ku do pi\u0105tku, w godz. 9.30 &#8211; 14.30 w styczniu zapraszamy: poniedzia\u0142ek 11:30-14.30&nbsp; wtorek 9:30-12:30&nbsp; \u015broda 7:30-10:30&nbsp; czwartek 7:30-10:30&nbsp; pi\u0105tek 7:30-10:30&nbsp;<\/p>\n","protected":false},"author":1,"featured_media":0,"parent":0,"menu_order":0,"comment_status":"closed","ping_status":"closed","template":"","meta":{"footnotes":""},"class_list":["post-11","page","type-page","status-publish","hentry"],"_links":{"self":[{"href":"https:\/\/wsparcieopiekunow.pl\/index.php?rest_route=\/wp\/v2\/pages\/11","targetHints":{"allow":["GET"]}}],"collection":[{"href":"https:\/\/wsparcieopiekunow.pl\/index.php?rest_route=\/wp\/v2\/pages"}],"about":[{"href":"https:\/\/wsparcieopiekunow.pl\/index.php?rest_route=\/wp\/v2\/types\/page"}],"author":[{"embeddable":true,"href":"https:\/\/wsparcieopiekunow.pl\/index.php?rest_route=\/wp\/v2\/users\/1"}],"replies":[{"embeddable":true,"href":"https:\/\/wsparcieopiekunow.pl\/index.php?rest_route=%2Fwp%2Fv2%2Fcomments&post=11"}],"version-history":[{"count":12,"href":"https:\/\/wsparcieopiekunow.pl\/index.php?rest_route=\/wp\/v2\/pages\/11\/revisions"}],"predecessor-version":[{"id":1723,"href":"https:\/\/wsparcieopiekunow.pl\/index.php?rest_route=\/wp\/v2\/pages\/11\/revisions\/1723"}],"wp:attachment":[{"href":"https:\/\/wsparcieopiekunow.pl\/index.php?rest_route=%2Fwp%2Fv2%2Fmedia&parent=11"}],"curies":[{"name":"wp","href":"https:\/\/api.w.org\/{rel}","templated":true}]}}